{"id":1395,"date":"2021-09-01T00:00:42","date_gmt":"2021-09-01T05:00:42","guid":{"rendered":"https:\/\/supernovae.com.co\/portal\/inicio-2\/"},"modified":"2024-12-10T08:23:20","modified_gmt":"2024-12-10T13:23:20","slug":"quienes-somos","status":"publish","type":"page","link":"https:\/\/supernovae.com.co\/portal\/quienes-somos\/","title":{"rendered":"Qui\u00e9nes somos"},"content":{"rendered":"\n<div class=\"wp-block-cover is-light\" style=\"min-height:50px;aspect-ratio:unset;\"><span aria-hidden=\"true\" class=\"wp-block-cover__background has-background-dim-0 has-background-dim\"><\/span><img loading=\"lazy\" decoding=\"async\" width=\"1280\" height=\"30\" class=\"wp-block-cover__image-background wp-image-1242\" alt=\"\" src=\"https:\/\/supernovae.com.co\/portal\/wp-content\/uploads\/2022\/10\/supernovae_bar_yellow.png\" data-object-fit=\"cover\" srcset=\"https:\/\/supernovae.com.co\/portal\/wp-content\/uploads\/2022\/10\/supernovae_bar_yellow.png 1280w, https:\/\/supernovae.com.co\/portal\/wp-content\/uploads\/2022\/10\/supernovae_bar_yellow-300x7.png 300w, https:\/\/supernovae.com.co\/portal\/wp-content\/uploads\/2022\/10\/supernovae_bar_yellow-1024x24.png 1024w, https:\/\/supernovae.com.co\/portal\/wp-content\/uploads\/2022\/10\/supernovae_bar_yellow-768x18.png 768w\" sizes=\"auto, (max-width: 1280px) 100vw, 1280px\" \/><div class=\"wp-block-cover__inner-container is-layout-flow wp-block-cover-is-layout-flow\">\n<p class=\"has-text-align-center has-large-font-size\"><\/p>\n<\/div><\/div>\n\n\n\n<div class=\"wp-block-cover alignfull is-light\" style=\"min-height:80vh;aspect-ratio:unset;\"><span aria-hidden=\"true\" class=\"wp-block-cover__background has-background-dim-0 has-background-dim\"><\/span><img loading=\"lazy\" decoding=\"async\" width=\"1920\" height=\"800\" class=\"wp-block-cover__image-background wp-image-1649\" alt=\"\" src=\"https:\/\/supernovae.com.co\/portal\/wp-content\/uploads\/2022\/10\/degradado_04.jpg\" style=\"object-position:25% 40%\" data-object-fit=\"cover\" data-object-position=\"25% 40%\" srcset=\"https:\/\/supernovae.com.co\/portal\/wp-content\/uploads\/2022\/10\/degradado_04.jpg 1920w, https:\/\/supernovae.com.co\/portal\/wp-content\/uploads\/2022\/10\/degradado_04-300x125.jpg 300w, https:\/\/supernovae.com.co\/portal\/wp-content\/uploads\/2022\/10\/degradado_04-1024x427.jpg 1024w, https:\/\/supernovae.com.co\/portal\/wp-content\/uploads\/2022\/10\/degradado_04-768x320.jpg 768w, https:\/\/supernovae.com.co\/portal\/wp-content\/uploads\/2022\/10\/degradado_04-1536x640.jpg 1536w\" sizes=\"auto, (max-width: 1920px) 100vw, 1920px\" \/><div class=\"wp-block-cover__inner-container is-layout-flow wp-block-cover-is-layout-flow\">\n<div style=\"height:40px\" aria-hidden=\"true\" class=\"wp-block-spacer\"><\/div>\n\n\n\n<div class=\"wp-block-columns are-vertically-aligned-center is-layout-flex wp-container-core-columns-is-layout-9d6595d7 wp-block-columns-is-layout-flex\">\n<div class=\"wp-block-column is-vertically-aligned-center is-layout-flow wp-block-column-is-layout-flow\" style=\"flex-basis:100%\"><div class=\"wp-block-image\">\n<figure class=\"aligncenter size-full\"><img loading=\"lazy\" decoding=\"async\" width=\"840\" height=\"539\" src=\"https:\/\/supernovae.com.co\/portal\/wp-content\/uploads\/2022\/10\/texto-home-06.png\" alt=\"\" class=\"wp-image-1650\" srcset=\"https:\/\/supernovae.com.co\/portal\/wp-content\/uploads\/2022\/10\/texto-home-06.png 840w, https:\/\/supernovae.com.co\/portal\/wp-content\/uploads\/2022\/10\/texto-home-06-300x193.png 300w, https:\/\/supernovae.com.co\/portal\/wp-content\/uploads\/2022\/10\/texto-home-06-768x493.png 768w\" sizes=\"auto, (max-width: 840px) 100vw, 840px\" \/><\/figure>\n<\/div><\/div>\n<\/div>\n\n\n\n<div style=\"height:40px\" aria-hidden=\"true\" class=\"wp-block-spacer\"><\/div>\n<\/div><\/div>\n\n\n\n<div class=\"wp-block-columns is-layout-flex wp-container-core-columns-is-layout-9d6595d7 wp-block-columns-is-layout-flex\">\n<div class=\"wp-block-column is-layout-flow wp-block-column-is-layout-flow\" style=\"flex-basis:100%\"><\/div>\n<\/div>\n\n\n\n<div class=\"wp-block-columns alignwide has-nv-site-bg-background-color has-background is-layout-flex wp-container-core-columns-is-layout-9d6595d7 wp-block-columns-is-layout-flex\">\n<div class=\"wp-block-column is-vertically-aligned-center is-layout-flow wp-block-column-is-layout-flow\" style=\"flex-basis:50%\">\n<figure class=\"wp-block-image size-full\"><img loading=\"lazy\" decoding=\"async\" width=\"800\" height=\"600\" src=\"https:\/\/supernovae.com.co\/portal\/wp-content\/uploads\/2022\/10\/galeria-home-03.jpg\" alt=\"\" class=\"wp-image-1637\" srcset=\"https:\/\/supernovae.com.co\/portal\/wp-content\/uploads\/2022\/10\/galeria-home-03.jpg 800w, https:\/\/supernovae.com.co\/portal\/wp-content\/uploads\/2022\/10\/galeria-home-03-300x225.jpg 300w, https:\/\/supernovae.com.co\/portal\/wp-content\/uploads\/2022\/10\/galeria-home-03-768x576.jpg 768w\" sizes=\"auto, (max-width: 800px) 100vw, 800px\" \/><\/figure>\n<\/div>\n\n\n\n<div class=\"wp-block-column is-vertically-aligned-center is-layout-flow wp-block-column-is-layout-flow\" style=\"flex-basis:50%\">\n<h2 class=\"wp-block-heading has-text-align-left\">Supernovae, somos una marca con sello propio fruto de la experiencia.<\/h2>\n\n\n\n<p>Nuestros compuestos t\u00e9cnicos presentan una trayectoria de m\u00e1s de 40 a\u00f1os en el mercado por medio de nuestro grupo empresarial. Su crecimiento ha sido tal que en 2015 se independiza bajo la firma Supernovae S.A.S con el objetivo de atender mejor las necesidades de nuestros clientes y el mercado internacional.<\/p>\n\n\n\n<p>Nos preocupamos por estar a la vanguardia en tecnolog\u00eda, mejores insumos, optimizaci\u00f3n de recursos t\u00e9cnicos, innovaci\u00f3n y servicios que hagan de nuestros productos insumos \u00f3ptimos para que nuestros clientes se destaquen en sus transformaciones de primera calidad.&nbsp;<\/p>\n\n\n\n<p>Somos reconocidos en el pa\u00eds por ser especialista en la producci\u00f3n de compuestos de PVC en el segmento t\u00e9cnico; creando una ampl\u00eda l\u00ednea de referencias en materias primas y proporcionado la personalizaci\u00f3n en la elaboraci\u00f3n de los compuestos.<\/p>\n\n\n\n<p>Creamos referencias en las que se destacan los materiales libres de metales pesados (LMP), compuestos at\u00f3xicos y compuestos de PVC micro expandidos que a\u00f1aden valor al producto final.<\/p>\n\n\n\n<div class=\"wp-block-buttons is-layout-flex wp-block-buttons-is-layout-flex\">\n<div class=\"wp-block-button has-custom-width wp-block-button__width-100\"><a class=\"wp-block-button__link has-background wp-element-button\" href=\"https:\/\/supernovae.com.co\/portal\/compromiso-ambiental\/\" style=\"border-radius:10px;background-color:#df9c31\">Nos preocupa el planeta. Conozca m\u00e1s sobre nuestro compromiso medio ambiental.<\/a><\/div>\n<\/div>\n<\/div>\n<\/div>\n\n\n\n<div class=\"wp-block-columns alignwide are-vertically-aligned-center is-layout-flex wp-container-core-columns-is-layout-9d6595d7 wp-block-columns-is-layout-flex\">\n<div class=\"wp-block-column is-vertically-aligned-center is-layout-flow wp-block-column-is-layout-flow\" style=\"flex-basis:50%\">\n<h2 class=\"wp-block-heading\">Pol\u00edtica de Calidad<\/h2>\n\n\n\n<p>Para Supernovae SAS, la calidad se expresa mediante los siguientes pilares:<\/p>\n\n\n\n<p>1. Personal profesional en todo lo que emprende.<\/p>\n\n\n\n<p>2. Productos y\/o servicios, cuyos atributos garanticen satisfacci\u00f3n y experiencias en los clientes, aport\u00e1ndoles en su sostenibilidad.<\/p>\n\n\n\n<p>3. Procesos livianos, transversales y efectivos que busquen la mejora continua.<\/p>\n\n\n\n<p>4. Armonizaci\u00f3n y cumplimiento con los requisitos legales y reglamentarios (de los entes de control, de la organizaci\u00f3n, del cliente, ambientales, de SST).<\/p>\n\n\n\n<p>5. Aseguramiento de la rentabilidad del negocio cumpliendo de forma eficiente las directrices de todos los procesos.<\/p>\n<\/div>\n\n\n\n<div class=\"wp-block-column is-vertically-aligned-center is-layout-flow wp-block-column-is-layout-flow\" style=\"flex-basis:50%\"><script type=\"text\/javascript\">\r\ndocument.addEventListener(\"DOMContentLoaded\", function(event) { \r\n\tjQuery( '#slider-pro-3-937' ).sliderPro({\r\n\t\t\/\/width\r\n\t\t\t\twidth: 1000,\r\n\t\t\t\t\r\n\t\t\/\/height\r\n\t\t\t\theight: 500,\r\n\t\t\t\t\r\n\t\t\/\/auto play\r\n\t\t\t\tautoplay:  true,\r\n\t\tautoplayOnHover: 'none',\r\n\t\t\t\t\t\t\t\tautoplayDelay: 5000,\r\n\t\t\r\n\t\t\r\n\t\tarrows: true,\r\n\t\tbuttons: false,\r\n\t\tsmallSize: 500,\r\n\t\tmediumSize: 1000,\r\n\t\tlargeSize: 3000,\r\n\t\tfade: true,\r\n\t\t\r\n\t\t\/\/thumbnail\r\n\t\tthumbnailArrows: true,\r\n\t\tthumbnailWidth: 120,\r\n\t\tthumbnailHeight: 120,\r\n\t\t\t\t\t\tthumbnailsPosition: 'bottom',\r\n\t\t\t\t\t\tcenterImage: true,\r\n\t\timageScaleMode: 'contain',\r\n\t\tallowScaleUp: true,\r\n\t\t\t\tstartSlide: 0,\r\n\t\tloop: true,\r\n\t\tslideDistance: 5,\r\n\t\tautoplayDirection: 'normal',\r\n\t\ttouchSwipe: true,\r\n\t\tfullScreen: true,\r\n\t});\r\n});\r\n<\/script>\r\n\r\n\t\t<div id=\"slider-pro-3-937\" class=\"slider-pro\">\r\n\t\t\t<!---- slides div start ---->\r\n\t\t\t<div class=\"sp-slides\">\r\n\t\t\t\t\t\t\t\t\t\t<div class=\"sp-slide\">\r\n\t\t\t\t\t\t\t<img decoding=\"async\" class=\"sp-image\" loading=\"lazy\" alt=\"galeria-home-06\" src=\"https:\/\/supernovae.com.co\/portal\/wp-content\/plugins\/ultimate-responsive-image-slider\/assets\/css\/images\/blank.gif\" data-src=\"https:\/\/supernovae.com.co\/portal\/wp-content\/uploads\/2022\/10\/galeria-home-06.jpg\" \/>\r\n\r\n\t\t\t\t\t\t\t\r\n\t\t\t\t\t\t\t\t\t\t\t\t\t<\/div>\r\n\t\t\t\t\t\t\t\t\t\t\t\t<div class=\"sp-slide\">\r\n\t\t\t\t\t\t\t<img decoding=\"async\" class=\"sp-image\" loading=\"lazy\" alt=\"galeria-home-07\" src=\"https:\/\/supernovae.com.co\/portal\/wp-content\/plugins\/ultimate-responsive-image-slider\/assets\/css\/images\/blank.gif\" data-src=\"https:\/\/supernovae.com.co\/portal\/wp-content\/uploads\/2022\/10\/galeria-home-07.jpg\" \/>\r\n\r\n\t\t\t\t\t\t\t\r\n\t\t\t\t\t\t\t\t\t\t\t\t\t<\/div>\r\n\t\t\t\t\t\t\t\t\t\t\t\t<div class=\"sp-slide\">\r\n\t\t\t\t\t\t\t<img decoding=\"async\" class=\"sp-image\" loading=\"lazy\" alt=\"galeria-home-02\" src=\"https:\/\/supernovae.com.co\/portal\/wp-content\/plugins\/ultimate-responsive-image-slider\/assets\/css\/images\/blank.gif\" data-src=\"https:\/\/supernovae.com.co\/portal\/wp-content\/uploads\/2022\/10\/galeria-home-02.jpg\" \/>\r\n\r\n\t\t\t\t\t\t\t\r\n\t\t\t\t\t\t\t\t\t\t\t\t\t<\/div>\r\n\t\t\t\t\t\t\t\t\t\t\t\t<div class=\"sp-slide\">\r\n\t\t\t\t\t\t\t<img decoding=\"async\" class=\"sp-image\" loading=\"lazy\" alt=\"galeria-home-05\" src=\"https:\/\/supernovae.com.co\/portal\/wp-content\/plugins\/ultimate-responsive-image-slider\/assets\/css\/images\/blank.gif\" data-src=\"https:\/\/supernovae.com.co\/portal\/wp-content\/uploads\/2022\/10\/galeria-home-05.jpg\" \/>\r\n\r\n\t\t\t\t\t\t\t\r\n\t\t\t\t\t\t\t\t\t\t\t\t\t<\/div>\r\n\t\t\t\t\t\t\t\t\t\t\t\t<div class=\"sp-slide\">\r\n\t\t\t\t\t\t\t<img decoding=\"async\" class=\"sp-image\" loading=\"lazy\" alt=\"galeria-home-01\" src=\"https:\/\/supernovae.com.co\/portal\/wp-content\/plugins\/ultimate-responsive-image-slider\/assets\/css\/images\/blank.gif\" data-src=\"https:\/\/supernovae.com.co\/portal\/wp-content\/uploads\/2022\/10\/galeria-home-01.jpg\" \/>\r\n\r\n\t\t\t\t\t\t\t\r\n\t\t\t\t\t\t\t\t\t\t\t\t\t<\/div>\r\n\t\t\t\t\t\t\t\t\t\t\t\t<div class=\"sp-slide\">\r\n\t\t\t\t\t\t\t<img decoding=\"async\" class=\"sp-image\" loading=\"lazy\" alt=\"galeria-home-010\" src=\"https:\/\/supernovae.com.co\/portal\/wp-content\/plugins\/ultimate-responsive-image-slider\/assets\/css\/images\/blank.gif\" data-src=\"https:\/\/supernovae.com.co\/portal\/wp-content\/uploads\/2022\/10\/galeria-home-010.jpg\" \/>\r\n\r\n\t\t\t\t\t\t\t\r\n\t\t\t\t\t\t\t\t\t\t\t\t\t<\/div>\r\n\t\t\t\t\t\t\t\t\t\t\t\t<div class=\"sp-slide\">\r\n\t\t\t\t\t\t\t<img decoding=\"async\" class=\"sp-image\" loading=\"lazy\" alt=\"galeria-home-09\" src=\"https:\/\/supernovae.com.co\/portal\/wp-content\/plugins\/ultimate-responsive-image-slider\/assets\/css\/images\/blank.gif\" data-src=\"https:\/\/supernovae.com.co\/portal\/wp-content\/uploads\/2022\/10\/galeria-home-09.jpg\" \/>\r\n\r\n\t\t\t\t\t\t\t\r\n\t\t\t\t\t\t\t\t\t\t\t\t\t<\/div>\r\n\t\t\t\t\t\t\t\t\t\t\t\t<div class=\"sp-slide\">\r\n\t\t\t\t\t\t\t<img decoding=\"async\" class=\"sp-image\" loading=\"lazy\" alt=\"galeria-home-011\" src=\"https:\/\/supernovae.com.co\/portal\/wp-content\/plugins\/ultimate-responsive-image-slider\/assets\/css\/images\/blank.gif\" data-src=\"https:\/\/supernovae.com.co\/portal\/wp-content\/uploads\/2022\/10\/galeria-home-011.jpg\" \/>\r\n\r\n\t\t\t\t\t\t\t\r\n\t\t\t\t\t\t\t\t\t\t\t\t\t<\/div>\r\n\t\t\t\t\t\t\t\t\t<\/div>\r\n\t\t\t\r\n\t\t\t<!---- slides div end ---->\r\n\t\t\t\t\t\t<!-- slides thumbnails div end -->\r\n\t\t<\/div>\r\n\t\t<style>\r\n\/* Layout 3 *\/\r\n\/* border *\/\r\n#slider-pro-3-937 .sp-selected-thumbnail {\r\n\tborder: 4px solid #000000;\r\n}\r\n\r\n\/* font + color *\/\r\n.title-in  {\r\n\tfont-family: Arial !important;\r\n\tcolor: #FFFFFF !important;\r\n\tbackground-color: #000000 !important;\r\n\topacity: 0.7 !important;\r\n}\r\n.desc-in  {\r\n\tfont-family: Arial !important;\r\n\tcolor: #FFFFFF !important;\r\n\tbackground-color: #00000 !important;\r\n\topacity: 0.7 !important;\r\n}\r\n\r\n\/* bullets color *\/\r\n.sp-button  {\r\n\tborder: 2px solid #666666 !important;\r\n}\r\n.sp-selected-button  {\r\n\tbackground-color: #666666 !important;\r\n}\r\n\r\n\/* pointer color - bottom *\/\r\n.sp-selected-thumbnail::before {\r\n\tborder-bottom: 5px solid #000000 !important;\r\n}\r\n.sp-selected-thumbnail::after {\r\n\tborder-bottom: 13px solid #000000 !important;\r\n}\r\n\r\n\/* pointer color - top *\/\r\n\r\n\/* full screen icon *\/\r\n.sp-full-screen-button::before {\r\n    color: #666666 !important;\r\n}\r\n\r\n\/* hover navigation icon color *\/\r\n.sp-next-arrow::after, .sp-next-arrow::before {\r\n\tbackground-color: #666666 !important;\r\n}\r\n.sp-previous-arrow::after, .sp-previous-arrow::before {\r\n\tbackground-color: #666666 !important;\r\n}\r\n\r\n#slider-pro-3-937 .title-in {\r\n\tcolor: #FFFFFF !important;\r\n\tfont-weight: bolder;\r\n\ttext-align: center;\r\n}\r\n\r\n#slider-pro-3-937 .title-in-bg {\r\n\tbackground: rgba(255, 255, 255, 0.7); !important;\r\n\twhite-space: unset !important;\r\n\ttransform: initial !important;\r\n\t-webkit-transform: initial !important;\r\n\tfont-size: 14px !important;\r\n}\r\n\r\n#slider-pro-3-937 .desc-in {\r\n\tcolor: #FFFFFF !important;\r\n\ttext-align: center;\r\n}\r\n#slider-pro-3-937 .desc-in-bg {\r\n\tbackground: rgba(#00000, 0.7) !important;\r\n\twhite-space: unset !important;\r\n\ttransform: initial !important;\r\n\t-webkit-transform: initial !important;\r\n\tfont-size: 13px !important;\r\n}\r\n\r\n@media (max-width: 640px) {\r\n\t#slider-pro-3-937 .hide-small-screen {\r\n\t\tdisplay: none;\r\n\t}\r\n}\r\n\r\n@media (max-width: 860px) {\r\n\t#slider-pro-3-937 .sp-layer {\r\n\t\tfont-size: 18px;\r\n\t}\r\n\t\r\n\t#slider-pro-3-937 .hide-medium-screen {\r\n\t\tdisplay: none;\r\n\t}\r\n}\r\n.slides-not-found {\r\n\tbackground-color: #a92929;\r\n\tborder-radius: 5px;\r\n\tcolor: #fff;\r\n\tfont-family: initial;\r\n\ttext-align: center;\r\n\tpadding:12px;\r\n}\r\n\/* Custom CSS *\/\r\n<\/style>\r\n\n<\/div>\n<\/div>\n\n\n\n<div class=\"wp-block-columns alignwide has-nv-site-bg-background-color has-background is-layout-flex wp-container-core-columns-is-layout-9d6595d7 wp-block-columns-is-layout-flex\">\n<div class=\"wp-block-column is-vertically-aligned-center is-layout-flow wp-block-column-is-layout-flow\" style=\"flex-basis:50%\">\n<figure class=\"wp-block-image size-full\"><img loading=\"lazy\" decoding=\"async\" width=\"596\" height=\"841\" src=\"https:\/\/supernovae.com.co\/portal\/wp-content\/uploads\/2024\/12\/Certificado-SGC-Bureau-Veritas-2024-a-2027.jpg\" alt=\"\" class=\"wp-image-1999\" srcset=\"https:\/\/supernovae.com.co\/portal\/wp-content\/uploads\/2024\/12\/Certificado-SGC-Bureau-Veritas-2024-a-2027.jpg 596w, https:\/\/supernovae.com.co\/portal\/wp-content\/uploads\/2024\/12\/Certificado-SGC-Bureau-Veritas-2024-a-2027-213x300.jpg 213w\" sizes=\"auto, (max-width: 596px) 100vw, 596px\" \/><\/figure>\n<\/div>\n\n\n\n<div class=\"wp-block-column is-vertically-aligned-center is-layout-flow wp-block-column-is-layout-flow\" style=\"flex-basis:50%\">\n<h2 class=\"wp-block-heading has-text-align-left\">Misi\u00f3n<\/h2>\n\n\n\n<p>Suministramos el insumo ideal (PVC) para que sus ideas transformen el mundo del pl\u00e1stico.<\/p>\n\n\n\n<h2 class=\"wp-block-heading has-text-align-left\">Visi\u00f3n<\/h2>\n\n\n\n<p>Ser reconocidos en Colombia por nuestro liderazgo en la calidad del producto, el servicio y la generaci\u00f3n de valor permanente a los grupos de inter\u00e9s. &nbsp;<\/p>\n\n\n\n<div class=\"wp-block-buttons is-layout-flex wp-block-buttons-is-layout-flex\"><\/div>\n<\/div>\n<\/div>\n\n\n\n<div class=\"wp-block-columns alignwide is-layout-flex wp-container-core-columns-is-layout-9d6595d7 wp-block-columns-is-layout-flex\">\n<div class=\"wp-block-column is-vertically-aligned-center is-layout-flow wp-block-column-is-layout-flow\" style=\"flex-basis:50%\">\n<h1 class=\"wp-block-heading has-text-align-center\"><strong>Le energie dell\u00b4universo che non abbagliano<\/strong> <\/h1>\n\n\n\n<p><\/p>\n<\/div>\n\n\n\n<div class=\"wp-block-column is-vertically-aligned-center is-layout-flow wp-block-column-is-layout-flow\" style=\"flex-basis:50%\">\n<figure class=\"wp-block-embed is-type-video is-provider-youtube wp-block-embed-youtube wp-embed-aspect-16-9 wp-has-aspect-ratio\"><div class=\"wp-block-embed__wrapper\">\n<div class=\"nv-iframe-embed\"><iframe loading=\"lazy\" title=\"Supernovae colombia - Productos (Intro)\" width=\"1200\" height=\"675\" src=\"https:\/\/www.youtube.com\/embed\/OcE9oTnmJ90?feature=oembed\" frameborder=\"0\" allow=\"accelerometer; autoplay; clipboard-write; encrypted-media; gyroscope; picture-in-picture\" allowfullscreen><\/iframe><\/div>\n<\/div><\/figure>\n<\/div>\n<\/div>\n\n\n\n<div class=\"wp-block-cover\" style=\"min-height:50px;aspect-ratio:unset;\"><span aria-hidden=\"true\" class=\"wp-block-cover__background has-nv-site-bg-background-color has-background-dim-100 has-background-dim\"><\/span><div class=\"wp-block-cover__inner-container is-layout-flow wp-block-cover-is-layout-flow\">\n<p class=\"has-text-align-center has-large-font-size\"><\/p>\n<\/div><\/div>\n\n\n\n<div class=\"wp-block-cover alignfull is-light\" style=\"min-height:400px;aspect-ratio:unset;\"><span aria-hidden=\"true\" class=\"wp-block-cover__background has-background-dim-0 has-background-dim\"><\/span><img loading=\"lazy\" decoding=\"async\" width=\"1920\" height=\"800\" class=\"wp-block-cover__image-background wp-image-1741\" alt=\"\" src=\"https:\/\/supernovae.com.co\/portal\/wp-content\/uploads\/2022\/10\/planta-01.jpg\" style=\"object-position:65% 57%\" data-object-fit=\"cover\" data-object-position=\"65% 57%\" srcset=\"https:\/\/supernovae.com.co\/portal\/wp-content\/uploads\/2022\/10\/planta-01.jpg 1920w, https:\/\/supernovae.com.co\/portal\/wp-content\/uploads\/2022\/10\/planta-01-300x125.jpg 300w, https:\/\/supernovae.com.co\/portal\/wp-content\/uploads\/2022\/10\/planta-01-1024x427.jpg 1024w, https:\/\/supernovae.com.co\/portal\/wp-content\/uploads\/2022\/10\/planta-01-768x320.jpg 768w, https:\/\/supernovae.com.co\/portal\/wp-content\/uploads\/2022\/10\/planta-01-1536x640.jpg 1536w\" sizes=\"auto, (max-width: 1920px) 100vw, 1920px\" \/><div class=\"wp-block-cover__inner-container is-layout-flow wp-block-cover-is-layout-flow\">\n<div class=\"wp-block-columns are-vertically-aligned-center is-layout-flex wp-container-core-columns-is-layout-9d6595d7 wp-block-columns-is-layout-flex\">\n<div class=\"wp-block-column is-vertically-aligned-center is-layout-flow wp-block-column-is-layout-flow\" style=\"flex-basis:100%\">\n<h2 class=\"wp-block-heading has-text-align-center has-large-font-size\">Trayectoria, innovaci\u00f3n y servicio.<\/h2>\n<\/div>\n<\/div>\n<\/div><\/div>\n\n\n\n<div class=\"wp-block-cover is-light\" style=\"min-height:50px;aspect-ratio:unset;\"><span aria-hidden=\"true\" class=\"wp-block-cover__background has-background-dim-0 has-background-dim\"><\/span><img loading=\"lazy\" decoding=\"async\" width=\"1280\" height=\"30\" class=\"wp-block-cover__image-background wp-image-773\" alt=\"\" src=\"https:\/\/supernovae.com.co\/portal\/wp-content\/uploads\/2022\/09\/supernovae_bar_02.png\" data-object-fit=\"cover\" srcset=\"https:\/\/supernovae.com.co\/portal\/wp-content\/uploads\/2022\/09\/supernovae_bar_02.png 1280w, https:\/\/supernovae.com.co\/portal\/wp-content\/uploads\/2022\/09\/supernovae_bar_02-300x7.png 300w, https:\/\/supernovae.com.co\/portal\/wp-content\/uploads\/2022\/09\/supernovae_bar_02-1024x24.png 1024w, https:\/\/supernovae.com.co\/portal\/wp-content\/uploads\/2022\/09\/supernovae_bar_02-768x18.png 768w\" sizes=\"auto, (max-width: 1280px) 100vw, 1280px\" \/><div class=\"wp-block-cover__inner-container is-layout-flow wp-block-cover-is-layout-flow\">\n<p class=\"has-text-align-center has-large-font-size\"><\/p>\n<\/div><\/div>\n","protected":false},"excerpt":{"rendered":"<p>Supernovae, somos una marca con sello propio fruto de la experiencia. Nuestros compuestos t\u00e9cnicos presentan una trayectoria de m\u00e1s de 40 a\u00f1os en el mercado por medio de nuestro grupo empresarial. Su crecimiento ha sido tal que en 2015 se independiza bajo la firma Supernovae S.A.S con el objetivo de atender mejor las necesidades de&hellip;&nbsp;<a href=\"https:\/\/supernovae.com.co\/portal\/?p=937\" rel=\"bookmark\">Leer m\u00e1s &raquo;<span class=\"screen-reader-text\">Slide Home 01<\/span><\/a><\/p>\n","protected":false},"author":1,"featured_media":0,"parent":0,"menu_order":100,"comment_status":"closed","ping_status":"closed","template":"page-templates\/template-pagebuilder-full-width.php","meta":{"neve_meta_sidebar":"full-width","neve_meta_container":"contained","neve_meta_enable_content_width":"on","neve_meta_content_width":100,"neve_meta_title_alignment":"","neve_meta_author_avatar":"","neve_post_elements_order":"","neve_meta_disable_header":"","neve_meta_disable_footer":"","neve_meta_disable_title":"on","_joinchat":[],"footnotes":""},"class_list":["post-1395","page","type-page","status-publish","hentry"],"_links":{"self":[{"href":"https:\/\/supernovae.com.co\/portal\/wp-json\/wp\/v2\/pages\/1395","targetHints":{"allow":["GET"]}}],"collection":[{"href":"https:\/\/supernovae.com.co\/portal\/wp-json\/wp\/v2\/pages"}],"about":[{"href":"https:\/\/supernovae.com.co\/portal\/wp-json\/wp\/v2\/types\/page"}],"author":[{"embeddable":true,"href":"https:\/\/supernovae.com.co\/portal\/wp-json\/wp\/v2\/users\/1"}],"replies":[{"embeddable":true,"href":"https:\/\/supernovae.com.co\/portal\/wp-json\/wp\/v2\/comments?post=1395"}],"version-history":[{"count":57,"href":"https:\/\/supernovae.com.co\/portal\/wp-json\/wp\/v2\/pages\/1395\/revisions"}],"predecessor-version":[{"id":2000,"href":"https:\/\/supernovae.com.co\/portal\/wp-json\/wp\/v2\/pages\/1395\/revisions\/2000"}],"wp:attachment":[{"href":"https:\/\/supernovae.com.co\/portal\/wp-json\/wp\/v2\/media?parent=1395"}],"curies":[{"name":"wp","href":"https:\/\/api.w.org\/{rel}","templated":true}]}}