{"id":1471,"date":"2021-09-01T00:00:42","date_gmt":"2021-09-01T05:00:42","guid":{"rendered":"https:\/\/supernovae.com.co\/portal\/quienes-somos-2\/"},"modified":"2025-08-25T11:45:17","modified_gmt":"2025-08-25T16:45:17","slug":"compromiso-ambiental","status":"publish","type":"page","link":"https:\/\/supernovae.com.co\/portal\/compromiso-ambiental\/","title":{"rendered":"Compromiso ambiental"},"content":{"rendered":"\n<div class=\"wp-block-cover is-light\" style=\"min-height:50px;aspect-ratio:unset;\"><img loading=\"lazy\" decoding=\"async\" width=\"1280\" height=\"30\" class=\"wp-block-cover__image-background wp-image-1242\" alt=\"\" src=\"https:\/\/supernovae.com.co\/portal\/wp-content\/uploads\/2022\/10\/supernovae_bar_yellow.png\" data-object-fit=\"cover\" srcset=\"https:\/\/supernovae.com.co\/portal\/wp-content\/uploads\/2022\/10\/supernovae_bar_yellow.png 1280w, https:\/\/supernovae.com.co\/portal\/wp-content\/uploads\/2022\/10\/supernovae_bar_yellow-300x7.png 300w, https:\/\/supernovae.com.co\/portal\/wp-content\/uploads\/2022\/10\/supernovae_bar_yellow-1024x24.png 1024w, https:\/\/supernovae.com.co\/portal\/wp-content\/uploads\/2022\/10\/supernovae_bar_yellow-768x18.png 768w\" sizes=\"auto, (max-width: 1280px) 100vw, 1280px\" \/><span aria-hidden=\"true\" class=\"wp-block-cover__background has-background-dim-0 has-background-dim\"><\/span><div class=\"wp-block-cover__inner-container is-layout-flow wp-block-cover-is-layout-flow\">\n<p class=\"has-text-align-center has-large-font-size\"><\/p>\n<\/div><\/div>\n\n\n\n<div class=\"wp-block-cover aligncenter is-light\" style=\"min-height:80vh;aspect-ratio:unset;\"><img loading=\"lazy\" decoding=\"async\" width=\"1920\" height=\"800\" class=\"wp-block-cover__image-background wp-image-1509\" alt=\"\" src=\"https:\/\/supernovae.com.co\/portal\/wp-content\/uploads\/2022\/10\/eco-02.jpg\" style=\"object-position:50% 50%\" data-object-fit=\"cover\" data-object-position=\"50% 50%\" srcset=\"https:\/\/supernovae.com.co\/portal\/wp-content\/uploads\/2022\/10\/eco-02.jpg 1920w, https:\/\/supernovae.com.co\/portal\/wp-content\/uploads\/2022\/10\/eco-02-300x125.jpg 300w, https:\/\/supernovae.com.co\/portal\/wp-content\/uploads\/2022\/10\/eco-02-1024x427.jpg 1024w, https:\/\/supernovae.com.co\/portal\/wp-content\/uploads\/2022\/10\/eco-02-768x320.jpg 768w, https:\/\/supernovae.com.co\/portal\/wp-content\/uploads\/2022\/10\/eco-02-1536x640.jpg 1536w\" sizes=\"auto, (max-width: 1920px) 100vw, 1920px\" \/><span aria-hidden=\"true\" class=\"wp-block-cover__background has-background-dim-0 has-background-dim\"><\/span><div class=\"wp-block-cover__inner-container is-layout-flow wp-block-cover-is-layout-flow\">\n<p class=\"has-text-align-center has-large-font-size\"><\/p>\n\n\n<div class=\"wp-block-image\">\n<figure class=\"aligncenter size-full\"><img loading=\"lazy\" decoding=\"async\" width=\"840\" height=\"539\" src=\"https:\/\/supernovae.com.co\/portal\/wp-content\/uploads\/2022\/10\/texto-home-03.png\" alt=\"\" class=\"wp-image-1617\" srcset=\"https:\/\/supernovae.com.co\/portal\/wp-content\/uploads\/2022\/10\/texto-home-03.png 840w, https:\/\/supernovae.com.co\/portal\/wp-content\/uploads\/2022\/10\/texto-home-03-300x193.png 300w, https:\/\/supernovae.com.co\/portal\/wp-content\/uploads\/2022\/10\/texto-home-03-768x493.png 768w\" sizes=\"auto, (max-width: 840px) 100vw, 840px\" \/><\/figure>\n<\/div><\/div><\/div>\n\n\n\n<div class=\"wp-block-columns alignwide has-nv-site-bg-background-color has-background is-layout-flex wp-container-core-columns-is-layout-9d6595d7 wp-block-columns-is-layout-flex\">\n<div class=\"wp-block-column is-vertically-aligned-center is-layout-flow wp-block-column-is-layout-flow\" style=\"flex-basis:50%\"><div class=\"wp-block-image\">\n<figure class=\"aligncenter size-full is-resized\"><img loading=\"lazy\" decoding=\"async\" width=\"900\" height=\"800\" src=\"https:\/\/supernovae.com.co\/portal\/wp-content\/uploads\/2022\/10\/eco-reciclar_01.jpg\" alt=\"\" class=\"wp-image-1577\" style=\"width:675px;height:600px\" srcset=\"https:\/\/supernovae.com.co\/portal\/wp-content\/uploads\/2022\/10\/eco-reciclar_01.jpg 900w, https:\/\/supernovae.com.co\/portal\/wp-content\/uploads\/2022\/10\/eco-reciclar_01-300x267.jpg 300w, https:\/\/supernovae.com.co\/portal\/wp-content\/uploads\/2022\/10\/eco-reciclar_01-768x683.jpg 768w\" sizes=\"auto, (max-width: 900px) 100vw, 900px\" \/><\/figure>\n<\/div><\/div>\n\n\n\n<div class=\"wp-block-column is-vertically-aligned-center is-layout-flow wp-block-column-is-layout-flow\" style=\"flex-basis:50%\">\n<h2 class=\"wp-block-heading has-text-align-left\">Acciones amigables con la vida, con nuestro entorno y con el planeta.<\/h2>\n\n\n\n<p>Nuestras bolsas han cambiado para ser m\u00e1s responsables con el planeta, ahora contienen&nbsp;<strong>30% de pl\u00e1stico reciclado<\/strong>&nbsp;y est\u00e1n dise\u00f1adas para m\u00faltiples usos, gracias a su resistencia y calidad. Al final de su vida \u00fatil, ser\u00e1n gestionadas de forma responsable por recicladores de oficio y por nuestro aliado en recuperaci\u00f3n de residuos, asegurando as\u00ed el cierre de su ciclo de vida de manera sostenible.<\/p>\n\n\n\n<p id=\"block-d5fd671c-02f6-4ad5-addc-f234e1b1dcbe\"><strong>Econom\u00eda Circular con ACOREP:<\/strong> Como empresa hemos desarrollado la iniciativa colectiva con ACOREP buscando que Supernovae tengan mayor sentido de pertenencia con el medio ambiente, haci\u00e9ndose responsables de cerrar el ciclo de vida de los productos que se generan y de aquellos residuos de empaques implicados a trav\u00e9s del aprovechamiento de materiales.<\/p>\n<\/div>\n<\/div>\n\n\n\n<div class=\"wp-block-columns alignwide has-nv-site-bg-background-color has-background is-layout-flex wp-container-core-columns-is-layout-9d6595d7 wp-block-columns-is-layout-flex\">\n<div class=\"wp-block-column is-vertically-aligned-center is-layout-flow wp-block-column-is-layout-flow\" style=\"flex-basis:50%\"><div class=\"wp-block-image\">\n<figure class=\"aligncenter size-full\"><img loading=\"lazy\" decoding=\"async\" width=\"900\" height=\"800\" src=\"https:\/\/supernovae.com.co\/portal\/wp-content\/uploads\/2022\/10\/eco-hojas-y-globo_01_01.jpg\" alt=\"\" class=\"wp-image-1576\" srcset=\"https:\/\/supernovae.com.co\/portal\/wp-content\/uploads\/2022\/10\/eco-hojas-y-globo_01_01.jpg 900w, https:\/\/supernovae.com.co\/portal\/wp-content\/uploads\/2022\/10\/eco-hojas-y-globo_01_01-300x267.jpg 300w, https:\/\/supernovae.com.co\/portal\/wp-content\/uploads\/2022\/10\/eco-hojas-y-globo_01_01-768x683.jpg 768w\" sizes=\"auto, (max-width: 900px) 100vw, 900px\" \/><\/figure>\n<\/div><\/div>\n\n\n\n<div class=\"wp-block-column is-vertically-aligned-center is-layout-flow wp-block-column-is-layout-flow\" style=\"flex-basis:50%\">\n<h2 class=\"wp-block-heading has-text-align-left\">Reciclaje y RESPEL<\/h2>\n\n\n\n<p><\/p>\n\n\n\n<p>Realizamos la venta de nuestros residuos aprovechables tales como: cart\u00f3n, papel molido, envases pet y pl\u00e1stico limpio garantizando su transformaci\u00f3n e incorporaci\u00f3n eficiente de los mismos por medio de una separaci\u00f3n y comercializaci\u00f3n con la industria para su disposici\u00f3n final. Dicho proceso, se constata mediante certificados ambientales emitidos por un ente competente. RESPEL: Gestionamos todos los residuos peligrosos generados de nuestra producci\u00f3n, ayudando a mitigar cualquier riesgo ambiental, cumpliendo con todos los requisitos legales aplicables a la actividad y garantizando certificaciones bajo licencia ambiental por la empresa gestora.<\/p>\n<\/div>\n<\/div>\n\n\n\n<div class=\"wp-block-columns alignwide has-nv-site-bg-background-color has-background is-layout-flex wp-container-core-columns-is-layout-9d6595d7 wp-block-columns-is-layout-flex\">\n<div class=\"wp-block-column is-vertically-aligned-center is-layout-flow wp-block-column-is-layout-flow\" style=\"flex-basis:50%\"><div class=\"wp-block-image\">\n<figure class=\"aligncenter size-full is-resized\"><img loading=\"lazy\" decoding=\"async\" width=\"900\" height=\"800\" src=\"https:\/\/supernovae.com.co\/portal\/wp-content\/uploads\/2022\/10\/eco-gota_01.jpg\" alt=\"\" class=\"wp-image-1575\" style=\"width:675px;height:600px\" srcset=\"https:\/\/supernovae.com.co\/portal\/wp-content\/uploads\/2022\/10\/eco-gota_01.jpg 900w, https:\/\/supernovae.com.co\/portal\/wp-content\/uploads\/2022\/10\/eco-gota_01-300x267.jpg 300w, https:\/\/supernovae.com.co\/portal\/wp-content\/uploads\/2022\/10\/eco-gota_01-768x683.jpg 768w\" sizes=\"auto, (max-width: 900px) 100vw, 900px\" \/><\/figure>\n<\/div><\/div>\n\n\n\n<div class=\"wp-block-column is-vertically-aligned-center is-layout-flow wp-block-column-is-layout-flow\" style=\"flex-basis:50%\">\n<h2 class=\"wp-block-heading has-text-align-left\">Caracterizaci\u00f3n de vertimientos<\/h2>\n\n\n\n<p><\/p>\n\n\n\n<p>Adoptamos medidas correctivas y recomendaciones ambientales en beneficio de mejoras para la Planta de Tratamiento de Aguas Residuales (PTAR) que se encuentra en el parque industrial Celta, implementando todas las medidas que haya a lugar con el fin de cumplir la normatividad vigente, verificando que nuestros vertimientos ARD y ARnD tratadas conforme a nuestro sector productivo se realice bajo las medidas que sean necesarias para dar cumplimiento a los valores l\u00edmites permisibles.<\/p>\n<\/div>\n<\/div>\n\n\n\n<div class=\"wp-block-columns alignwide has-nv-site-bg-background-color has-background is-layout-flex wp-container-core-columns-is-layout-9d6595d7 wp-block-columns-is-layout-flex\">\n<div class=\"wp-block-column is-vertically-aligned-center is-layout-flow wp-block-column-is-layout-flow\" style=\"flex-basis:50%\"><div class=\"wp-block-image\">\n<figure class=\"aligncenter size-full is-resized\"><img loading=\"lazy\" decoding=\"async\" width=\"900\" height=\"800\" src=\"https:\/\/supernovae.com.co\/portal\/wp-content\/uploads\/2022\/10\/eco-arbol_01.jpg\" alt=\"\" class=\"wp-image-1574\" style=\"width:675px;height:600px\" srcset=\"https:\/\/supernovae.com.co\/portal\/wp-content\/uploads\/2022\/10\/eco-arbol_01.jpg 900w, https:\/\/supernovae.com.co\/portal\/wp-content\/uploads\/2022\/10\/eco-arbol_01-300x267.jpg 300w, https:\/\/supernovae.com.co\/portal\/wp-content\/uploads\/2022\/10\/eco-arbol_01-768x683.jpg 768w\" sizes=\"auto, (max-width: 900px) 100vw, 900px\" \/><\/figure>\n<\/div><\/div>\n\n\n\n<div class=\"wp-block-column is-vertically-aligned-center is-layout-flow wp-block-column-is-layout-flow\" style=\"flex-basis:50%\">\n<h2 class=\"wp-block-heading has-text-align-left\">Restauraci\u00f3n ecol\u00f3gica a trav\u00e9s de la siembra de \u00e1rboles<\/h2>\n\n\n\n<p><\/p>\n\n\n\n<p>Se desarrolla un programa de siembra de \u00e1rboles en las zonas establecidas en el municipio de Funza y se incorpora dentro de las medidas de gesti\u00f3n ambiental empresarial adoptadas seg\u00fan la Ley 2173. Como empresa, se siembra una cierta cantidad de \u00e1rboles teniendo en cuenta la zona definida y destinada por el municipio; contemplando las diferentes caracter\u00edsticas de las especies nativas a sembrar.<\/p>\n<\/div>\n<\/div>\n\n\n\n<div class=\"wp-block-cover is-light\" style=\"min-height:50px;aspect-ratio:unset;\"><img loading=\"lazy\" decoding=\"async\" width=\"1280\" height=\"30\" class=\"wp-block-cover__image-background wp-image-1242\" alt=\"\" src=\"https:\/\/supernovae.com.co\/portal\/wp-content\/uploads\/2022\/10\/supernovae_bar_yellow.png\" data-object-fit=\"cover\" srcset=\"https:\/\/supernovae.com.co\/portal\/wp-content\/uploads\/2022\/10\/supernovae_bar_yellow.png 1280w, https:\/\/supernovae.com.co\/portal\/wp-content\/uploads\/2022\/10\/supernovae_bar_yellow-300x7.png 300w, https:\/\/supernovae.com.co\/portal\/wp-content\/uploads\/2022\/10\/supernovae_bar_yellow-1024x24.png 1024w, https:\/\/supernovae.com.co\/portal\/wp-content\/uploads\/2022\/10\/supernovae_bar_yellow-768x18.png 768w\" sizes=\"auto, (max-width: 1280px) 100vw, 1280px\" \/><span aria-hidden=\"true\" class=\"wp-block-cover__background has-background-dim-0 has-background-dim\"><\/span><div class=\"wp-block-cover__inner-container is-layout-flow wp-block-cover-is-layout-flow\">\n<p class=\"has-text-align-center has-large-font-size\"><\/p>\n<\/div><\/div>\n\n\n\n<div class=\"wp-block-cover aligncenter is-light\" style=\"min-height:400px;aspect-ratio:unset;\"><img loading=\"lazy\" decoding=\"async\" width=\"1920\" height=\"1277\" class=\"wp-block-cover__image-background wp-image-1057\" alt=\"\" src=\"https:\/\/supernovae.com.co\/portal\/wp-content\/uploads\/2022\/09\/supernovae_fondo_04.jpg\" data-object-fit=\"cover\" srcset=\"https:\/\/supernovae.com.co\/portal\/wp-content\/uploads\/2022\/09\/supernovae_fondo_04.jpg 1920w, https:\/\/supernovae.com.co\/portal\/wp-content\/uploads\/2022\/09\/supernovae_fondo_04-300x200.jpg 300w, https:\/\/supernovae.com.co\/portal\/wp-content\/uploads\/2022\/09\/supernovae_fondo_04-1024x681.jpg 1024w, https:\/\/supernovae.com.co\/portal\/wp-content\/uploads\/2022\/09\/supernovae_fondo_04-768x511.jpg 768w, https:\/\/supernovae.com.co\/portal\/wp-content\/uploads\/2022\/09\/supernovae_fondo_04-1536x1022.jpg 1536w, https:\/\/supernovae.com.co\/portal\/wp-content\/uploads\/2022\/09\/supernovae_fondo_04-930x620.jpg 930w\" sizes=\"auto, (max-width: 1920px) 100vw, 1920px\" \/><span aria-hidden=\"true\" class=\"wp-block-cover__background has-background-dim-0 has-background-dim\"><\/span><div class=\"wp-block-cover__inner-container is-layout-flow wp-block-cover-is-layout-flow\">\n<div class=\"wp-block-columns alignwide are-vertically-aligned-center is-layout-flex wp-container-core-columns-is-layout-9d6595d7 wp-block-columns-is-layout-flex\">\n<div class=\"wp-block-column is-vertically-aligned-center is-layout-flow wp-block-column-is-layout-flow\" style=\"flex-basis:100%\">\n<h2 class=\"wp-block-heading has-text-align-center\">Primero el planeta, primero la vida<\/h2>\n\n\n\n<div class=\"wp-block-group is-content-justification-center is-nowrap is-layout-flex wp-container-core-group-is-layout-94bc23d7 wp-block-group-is-layout-flex\">\n<p class=\"has-text-align-center\">SUPERNOVAE tiene como una de sus pol\u00edticas primordiales utilizar en sus procesos insumos cada vez m\u00e1s amigables con el medio ambiente, usar la tecnolog\u00eda a favor de la reducci\u00f3n consciente de energ\u00eda y ser parte de programas que colaboren minimizando los impactos a nuestro planeta, permitiendo que las generaciones futuras puedan seguir con buenas pr\u00e1cticas medio ambientales y disfrutar de la naturaleza; respirar un mejor aire.  <\/p>\n<\/div>\n<\/div>\n<\/div>\n<\/div><\/div>\n\n\n\n<div class=\"wp-block-cover is-light\" style=\"min-height:50px;aspect-ratio:unset;\"><img loading=\"lazy\" decoding=\"async\" width=\"1280\" height=\"30\" class=\"wp-block-cover__image-background wp-image-773\" alt=\"\" src=\"https:\/\/supernovae.com.co\/portal\/wp-content\/uploads\/2022\/09\/supernovae_bar_02.png\" data-object-fit=\"cover\" srcset=\"https:\/\/supernovae.com.co\/portal\/wp-content\/uploads\/2022\/09\/supernovae_bar_02.png 1280w, https:\/\/supernovae.com.co\/portal\/wp-content\/uploads\/2022\/09\/supernovae_bar_02-300x7.png 300w, https:\/\/supernovae.com.co\/portal\/wp-content\/uploads\/2022\/09\/supernovae_bar_02-1024x24.png 1024w, https:\/\/supernovae.com.co\/portal\/wp-content\/uploads\/2022\/09\/supernovae_bar_02-768x18.png 768w\" sizes=\"auto, (max-width: 1280px) 100vw, 1280px\" \/><span aria-hidden=\"true\" class=\"wp-block-cover__background has-background-dim-0 has-background-dim\"><\/span><div class=\"wp-block-cover__inner-container is-layout-flow wp-block-cover-is-layout-flow\">\n<p class=\"has-text-align-center has-large-font-size\"><\/p>\n<\/div><\/div>\n","protected":false},"excerpt":{"rendered":"<p>Acciones amigables con la vida, con nuestro entorno y con el planeta. Nuestras bolsas han cambiado para ser m\u00e1s responsables con el planeta, ahora contienen&nbsp;30% de pl\u00e1stico reciclado&nbsp;y est\u00e1n dise\u00f1adas para m\u00faltiples usos, gracias a su resistencia y calidad. Al final de su vida \u00fatil, ser\u00e1n gestionadas de forma responsable por recicladores de oficio y&hellip;&nbsp;<a href=\"https:\/\/supernovae.com.co\/portal\/compromiso-ambiental\/\" rel=\"bookmark\">Leer m\u00e1s &raquo;<span class=\"screen-reader-text\">Compromiso ambiental<\/span><\/a><\/p>\n","protected":false},"author":1,"featured_media":0,"parent":0,"menu_order":500,"comment_status":"closed","ping_status":"closed","template":"page-templates\/template-pagebuilder-full-width.php","meta":{"neve_meta_sidebar":"full-width","neve_meta_container":"contained","neve_meta_enable_content_width":"on","neve_meta_content_width":100,"neve_meta_title_alignment":"","neve_meta_author_avatar":"","neve_post_elements_order":"","neve_meta_disable_header":"","neve_meta_disable_footer":"","neve_meta_disable_title":"on","_joinchat":[],"footnotes":""},"class_list":["post-1471","page","type-page","status-publish","hentry"],"_links":{"self":[{"href":"https:\/\/supernovae.com.co\/portal\/wp-json\/wp\/v2\/pages\/1471","targetHints":{"allow":["GET"]}}],"collection":[{"href":"https:\/\/supernovae.com.co\/portal\/wp-json\/wp\/v2\/pages"}],"about":[{"href":"https:\/\/supernovae.com.co\/portal\/wp-json\/wp\/v2\/types\/page"}],"author":[{"embeddable":true,"href":"https:\/\/supernovae.com.co\/portal\/wp-json\/wp\/v2\/users\/1"}],"replies":[{"embeddable":true,"href":"https:\/\/supernovae.com.co\/portal\/wp-json\/wp\/v2\/comments?post=1471"}],"version-history":[{"count":66,"href":"https:\/\/supernovae.com.co\/portal\/wp-json\/wp\/v2\/pages\/1471\/revisions"}],"predecessor-version":[{"id":2013,"href":"https:\/\/supernovae.com.co\/portal\/wp-json\/wp\/v2\/pages\/1471\/revisions\/2013"}],"wp:attachment":[{"href":"https:\/\/supernovae.com.co\/portal\/wp-json\/wp\/v2\/media?parent=1471"}],"curies":[{"name":"wp","href":"https:\/\/api.w.org\/{rel}","templated":true}]}}