{"id":398,"date":"2021-09-01T00:00:51","date_gmt":"2021-09-01T05:00:51","guid":{"rendered":"https:\/\/demosites.io\/neve-3\/?page_id=398"},"modified":"2026-04-21T22:37:46","modified_gmt":"2026-04-22T03:37:46","slug":"contacto","status":"publish","type":"page","link":"https:\/\/supernovae.com.co\/portal\/contacto\/","title":{"rendered":"Cont\u00e1ctenos"},"content":{"rendered":"\n<div class=\"wp-block-cover alignfull is-light\" style=\"min-height:50px;aspect-ratio:unset;\"><img loading=\"lazy\" decoding=\"async\" width=\"1280\" height=\"30\" class=\"wp-block-cover__image-background wp-image-1242\" alt=\"\" src=\"https:\/\/supernovae.com.co\/portal\/wp-content\/uploads\/2022\/10\/supernovae_bar_yellow.png\" data-object-fit=\"cover\" srcset=\"https:\/\/supernovae.com.co\/portal\/wp-content\/uploads\/2022\/10\/supernovae_bar_yellow.png 1280w, https:\/\/supernovae.com.co\/portal\/wp-content\/uploads\/2022\/10\/supernovae_bar_yellow-300x7.png 300w, https:\/\/supernovae.com.co\/portal\/wp-content\/uploads\/2022\/10\/supernovae_bar_yellow-1024x24.png 1024w, https:\/\/supernovae.com.co\/portal\/wp-content\/uploads\/2022\/10\/supernovae_bar_yellow-768x18.png 768w\" sizes=\"auto, (max-width: 1280px) 100vw, 1280px\" \/><span aria-hidden=\"true\" class=\"wp-block-cover__background has-background-dim-0 has-background-dim\"><\/span><div class=\"wp-block-cover__inner-container is-layout-flow wp-block-cover-is-layout-flow\">\n<p class=\"has-text-align-center has-large-font-size\"><\/p>\n<\/div><\/div>\n\n\n\n<div class=\"wp-block-cover aligncenter\" style=\"min-height:200px;aspect-ratio:unset;\"><span aria-hidden=\"true\" class=\"wp-block-cover__background has-nv-dark-bg-background-color has-background-dim-100 has-background-dim\"><\/span><div class=\"wp-block-cover__inner-container is-layout-flow wp-block-cover-is-layout-flow\">\n<div class=\"wp-block-columns is-layout-flex wp-container-core-columns-is-layout-9d6595d7 wp-block-columns-is-layout-flex\" style=\"border-style:none;border-width:0px\">\n<div class=\"wp-block-column is-layout-flow wp-block-column-is-layout-flow\" style=\"border-style:none;border-width:0px;padding-top:var(--wp--preset--spacing--40);padding-right:var(--wp--preset--spacing--40);padding-bottom:var(--wp--preset--spacing--40);padding-left:var(--wp--preset--spacing--40)\"><div class=\"wp-block-image\">\n<figure class=\"aligncenter size-full\"><img loading=\"lazy\" decoding=\"async\" width=\"900\" height=\"700\" src=\"https:\/\/supernovae.com.co\/portal\/wp-content\/uploads\/2022\/10\/supernovae_assets_1002.png\" alt=\"\" class=\"wp-image-1422\" srcset=\"https:\/\/supernovae.com.co\/portal\/wp-content\/uploads\/2022\/10\/supernovae_assets_1002.png 900w, https:\/\/supernovae.com.co\/portal\/wp-content\/uploads\/2022\/10\/supernovae_assets_1002-300x233.png 300w, https:\/\/supernovae.com.co\/portal\/wp-content\/uploads\/2022\/10\/supernovae_assets_1002-768x597.png 768w\" sizes=\"auto, (max-width: 900px) 100vw, 900px\" \/><\/figure>\n<\/div>\n\n\n<div style=\"height:30px\" aria-hidden=\"true\" class=\"wp-block-spacer\"><\/div>\n\n\n\n<p class=\"has-text-align-left divPadding has-neve-text-color-color has-text-color\" style=\"font-size:14px\"><strong>Celta Trade Park &#8211; Bodega 100<\/strong><br>Autopista Medell\u00edn Km 7<br>(Costado Occidental)<br>V\u00eda Bogot\u00e1 &#8211; La Vega<br>Funza, Cundinamarca<br>Colombia<\/p>\n\n\n\n<p class=\"has-text-align-left divPadding has-neve-text-color-color has-text-color\" style=\"font-size:14px\"><strong>Tel\u00e9fonos:<\/strong><br>+57 (601) 0242761<br>+57 (316) 6934973<br><a href=\"mailto:ventas@supernovae.com.co\">ventas@supernovae.com.co<\/a><\/p>\n<\/div>\n\n\n\n<div class=\"wp-block-column has-border-color has-nv-site-bg-border-color is-layout-flow wp-block-column-is-layout-flow\" style=\"padding-top:var(--wp--preset--spacing--40);padding-right:var(--wp--preset--spacing--40);padding-bottom:var(--wp--preset--spacing--40);padding-left:var(--wp--preset--spacing--40)\">\n<h2 class=\"wp-block-heading has-text-align-left divPadding has-text-color\" style=\"color:#e57b23\">Cont\u00e1ctenos<\/h2>\n\n\n<link rel='stylesheet' id='formidable-css' href='https:\/\/supernovae.com.co\/portal\/wp-content\/plugins\/formidable\/css\/formidableforms.css?ver=422335' media='all' \/>\n<div class=\"frm_forms  with_frm_style frm_style_estilos-formidable\" id=\"frm_form_1_container\" >\n<form enctype=\"multipart\/form-data\" method=\"post\" class=\"frm-show-form \" id=\"form_contact-form\" >\n<div class=\"frm_form_fields \">\n<fieldset>\n<legend class=\"frm_screen_reader\">Cont\u00e1ctenos<\/legend>\r\n\r\n<div class=\"frm_fields_container\">\n<input type=\"hidden\" name=\"frm_action\" value=\"create\" \/>\n<input type=\"hidden\" name=\"form_id\" value=\"1\" \/>\n<input type=\"hidden\" name=\"frm_hide_fields_1\" id=\"frm_hide_fields_1\" value=\"\" \/>\n<input type=\"hidden\" name=\"form_key\" value=\"contact-form\" \/>\n<input type=\"hidden\" name=\"item_meta[0]\" value=\"\" \/>\n<input type=\"hidden\" id=\"frm_submit_entry_1\" name=\"frm_submit_entry_1\" value=\"4a39735388\" \/><input type=\"hidden\" name=\"_wp_http_referer\" value=\"\/portal\/wp-json\/wp\/v2\/pages\/398\" \/><div id=\"frm_field_1_container\" class=\"frm_form_field form-field  frm_required_field frm_top_container frm_first frm_half\">\r\n    <label for=\"field_qh4icy\" id=\"field_qh4icy_label\" class=\"frm_primary_label\">Nombre(s)\r\n        <span class=\"frm_required\" aria-hidden=\"true\">*<\/span>\r\n    <\/label>\r\n    <input type=\"text\" id=\"field_qh4icy\" name=\"item_meta[1]\" value=\"\"  data-reqmsg=\"Este campo no puede estar en blanco.\" aria-required=\"true\" data-invmsg=\"Name no es v\u00e1lido\" aria-invalid=\"false\"  \/>\r\n    \r\n    \r\n<\/div>\n<div id=\"frm_field_2_container\" class=\"frm_form_field form-field  frm_required_field frm_hidden_container frm_half\">\r\n    <label for=\"field_ocfup1\" id=\"field_ocfup1_label\" class=\"frm_primary_label\">Apellido(s)\r\n        <span class=\"frm_required\" aria-hidden=\"true\">*<\/span>\r\n    <\/label>\r\n    <input type=\"text\" id=\"field_ocfup1\" name=\"item_meta[2]\" value=\"\"  data-reqmsg=\"Este datos es requerido.\" aria-required=\"true\" data-invmsg=\"Last no es v\u00e1lido\" aria-invalid=\"false\"  \/>\r\n    \r\n    \r\n<\/div>\n<div id=\"frm_field_3_container\" class=\"frm_form_field form-field  frm_required_field frm_top_container frm_full\">\r\n    <label for=\"field_29yf4d\" id=\"field_29yf4d_label\" class=\"frm_primary_label\">Correo electr\u00f3nico\r\n        <span class=\"frm_required\" aria-hidden=\"true\">*<\/span>\r\n    <\/label>\r\n    <input type=\"email\" id=\"field_29yf4d\" name=\"item_meta[3]\" value=\"\"  data-reqmsg=\"Este campo no puede estar en blanco.\" aria-required=\"true\" data-invmsg=\"Please enter a valid email address\" aria-invalid=\"false\"  \/>\r\n    \r\n    \r\n<\/div>\n<div id=\"frm_field_4_container\" class=\"frm_form_field form-field  frm_required_field frm_top_container frm_full\">\r\n    <label for=\"field_e6lis6\" id=\"field_e6lis6_label\" class=\"frm_primary_label\">Asunto\r\n        <span class=\"frm_required\" aria-hidden=\"true\">*<\/span>\r\n    <\/label>\r\n    <input type=\"text\" id=\"field_e6lis6\" name=\"item_meta[4]\" value=\"\"  data-reqmsg=\"Este campo no puede estar en blanco.\" aria-required=\"true\" data-invmsg=\"Subject no es v\u00e1lido\" aria-invalid=\"false\"  \/>\r\n    \r\n    \r\n<\/div>\n<div id=\"frm_field_5_container\" class=\"frm_form_field form-field  frm_required_field frm_top_container frm_full\">\r\n    <label for=\"field_9jv0r1\" id=\"field_9jv0r1_label\" class=\"frm_primary_label\">Mensaje\r\n        <span class=\"frm_required\" aria-hidden=\"true\">*<\/span>\r\n    <\/label>\r\n    <textarea name=\"item_meta[5]\" id=\"field_9jv0r1\" rows=\"5\"  data-reqmsg=\"Este campo no puede estar en blanco.\" aria-required=\"true\" data-invmsg=\"Message no es v\u00e1lido\" aria-invalid=\"false\"  ><\/textarea>\r\n    \r\n    \r\n<\/div>\n<div id=\"frm_field_69_container\" class=\"frm_form_field form-field  frm_required_field frm_top_container vertical_radio\">\r\n    <div  id=\"field_8irc5_label\" class=\"frm_primary_label\">T\u00e9rminos, condiciones y pol\u00edtica de datos\r\n        <span class=\"frm_required\" aria-hidden=\"true\">*<\/span>\r\n    <\/div>\r\n    <div class=\"frm_opt_container\" aria-labelledby=\"field_8irc5_label\" role=\"group\">\t\t<div class=\"frm_checkbox\" id=\"frm_checkbox_69-0\">\t\t\t<label  for=\"field_8irc5-0\">\n\t\t\t<input type=\"checkbox\" name=\"item_meta[69][]\" id=\"field_8irc5-0\" value=\"Al hacer clic en Enviar y confirmar, aceptas nuestros &lt;a href=&quot;https:\/\/supernovae.com.co\/portal\/wp-content\/uploads\/2026\/04\/supernovae_politica_datos_2026.pdf&quot; target=&quot;_blank&quot;&gt;T\u00e9rminos, condiciones y pol\u00edtica de tratamiento de datos personales&lt;\/a&gt;. Tambi\u00e9n autorizas el posible envio de mensajes y\/o notificaciones por correo electr\u00f3nico, Whatsapp y\/o SMS.\"  data-reqmsg=\"Este datos es requerido.\" data-invmsg=\"T\u00e9rminos, condiciones y pol\u00edtica de datos no es v\u00e1lido\"   aria-required=\"true\"  \/> Al hacer clic en Enviar y confirmar, aceptas nuestros <a href=\"https:\/\/supernovae.com.co\/portal\/wp-content\/uploads\/2026\/04\/supernovae_politica_datos_2026.pdf\" target=\"_blank\">T\u00e9rminos, condiciones y pol\u00edtica de tratamiento de datos personales<\/a>. Tambi\u00e9n autorizas el posible envio de mensajes y\/o notificaciones por correo electr\u00f3nico, Whatsapp y\/o SMS.<\/label><\/div>\n<\/div>\r\n    \r\n    \r\n<\/div>\n<div id=\"frm_field_70_container\" class=\"frm_form_field form-field \">\r\n\t<div class=\"frm_submit\">\r\n\r\n<button class=\"frm_button_submit\" type=\"submit\"  >Enviar<\/button>\r\n\r\n\r\n<\/div>\r\n<\/div>\n\t<input type=\"hidden\" name=\"item_key\" value=\"\" \/>\n\t\t\t<div id=\"frm_field_75_container\">\n\t\t\t<label for=\"field_pu9pu\" >\n\t\t\t\tSi eres humano, deja este campo en blanco.\t\t\t<\/label>\n\t\t\t<input  id=\"field_pu9pu\" type=\"text\" class=\"frm_form_field form-field frm_verify\" name=\"item_meta[75]\" value=\"\"  \/>\n\t\t<\/div>\n\t\t<input name=\"frm_state\" type=\"hidden\" value=\"Rw0UIwaIjQI8XizrBTduZP7Jo4O3QEGXju7k1ZfEOdQ=\" \/><\/div>\n<\/fieldset>\n<\/div>\n\n<\/form>\n<\/div>\n<\/div>\n<\/div>\n<\/div><\/div>\n\n\n\n<div class=\"wp-block-cover alignfull is-light\" style=\"min-height:50px;aspect-ratio:unset;\"><img loading=\"lazy\" decoding=\"async\" width=\"1280\" height=\"30\" class=\"wp-block-cover__image-background wp-image-1242\" alt=\"\" src=\"https:\/\/supernovae.com.co\/portal\/wp-content\/uploads\/2022\/10\/supernovae_bar_yellow.png\" data-object-fit=\"cover\" srcset=\"https:\/\/supernovae.com.co\/portal\/wp-content\/uploads\/2022\/10\/supernovae_bar_yellow.png 1280w, https:\/\/supernovae.com.co\/portal\/wp-content\/uploads\/2022\/10\/supernovae_bar_yellow-300x7.png 300w, https:\/\/supernovae.com.co\/portal\/wp-content\/uploads\/2022\/10\/supernovae_bar_yellow-1024x24.png 1024w, https:\/\/supernovae.com.co\/portal\/wp-content\/uploads\/2022\/10\/supernovae_bar_yellow-768x18.png 768w\" sizes=\"auto, (max-width: 1280px) 100vw, 1280px\" \/><span aria-hidden=\"true\" class=\"wp-block-cover__background has-background-dim-0 has-background-dim\"><\/span><div class=\"wp-block-cover__inner-container is-layout-flow wp-block-cover-is-layout-flow\">\n<p class=\"has-text-align-center has-large-font-size\"><\/p>\n<\/div><\/div>\n\n\n\n<div class=\"wp-block-cover alignfull is-light\" style=\"min-height:400px;aspect-ratio:unset;\"><img loading=\"lazy\" decoding=\"async\" width=\"1280\" height=\"440\" class=\"wp-block-cover__image-background wp-image-2021 size-full\" alt=\"\" src=\"https:\/\/supernovae.com.co\/portal\/wp-content\/uploads\/2026\/04\/supernovae_mapa_001.jpg\" data-object-fit=\"cover\" srcset=\"https:\/\/supernovae.com.co\/portal\/wp-content\/uploads\/2026\/04\/supernovae_mapa_001.jpg 1280w, https:\/\/supernovae.com.co\/portal\/wp-content\/uploads\/2026\/04\/supernovae_mapa_001-300x103.jpg 300w, https:\/\/supernovae.com.co\/portal\/wp-content\/uploads\/2026\/04\/supernovae_mapa_001-1024x352.jpg 1024w, https:\/\/supernovae.com.co\/portal\/wp-content\/uploads\/2026\/04\/supernovae_mapa_001-768x264.jpg 768w\" sizes=\"auto, (max-width: 1280px) 100vw, 1280px\" \/><span aria-hidden=\"true\" class=\"wp-block-cover__background has-nv-dark-bg-background-color has-background-dim-0 has-background-dim\"><\/span><div class=\"wp-block-cover__inner-container is-layout-flow wp-block-cover-is-layout-flow\">\n<div style=\"height:140px\" aria-hidden=\"true\" class=\"wp-block-spacer\"><\/div>\n<\/div><\/div>\n\n\n\n<div class=\"wp-block-cover alignfull is-light\" style=\"min-height:50px;aspect-ratio:unset;\"><img loading=\"lazy\" decoding=\"async\" width=\"1280\" height=\"30\" class=\"wp-block-cover__image-background wp-image-773\" alt=\"\" src=\"https:\/\/supernovae.com.co\/portal\/wp-content\/uploads\/2022\/09\/supernovae_bar_02.png\" data-object-fit=\"cover\" srcset=\"https:\/\/supernovae.com.co\/portal\/wp-content\/uploads\/2022\/09\/supernovae_bar_02.png 1280w, https:\/\/supernovae.com.co\/portal\/wp-content\/uploads\/2022\/09\/supernovae_bar_02-300x7.png 300w, https:\/\/supernovae.com.co\/portal\/wp-content\/uploads\/2022\/09\/supernovae_bar_02-1024x24.png 1024w, https:\/\/supernovae.com.co\/portal\/wp-content\/uploads\/2022\/09\/supernovae_bar_02-768x18.png 768w\" sizes=\"auto, (max-width: 1280px) 100vw, 1280px\" \/><span aria-hidden=\"true\" class=\"wp-block-cover__background has-background-dim-0 has-background-dim\"><\/span><div class=\"wp-block-cover__inner-container is-layout-flow wp-block-cover-is-layout-flow\">\n<p class=\"has-text-align-center has-large-font-size\"><\/p>\n<\/div><\/div>\n\n\n\n<p><\/p>\n","protected":false},"excerpt":{"rendered":"","protected":false},"author":1,"featured_media":0,"parent":0,"menu_order":800,"comment_status":"closed","ping_status":"closed","template":"","meta":{"neve_meta_sidebar":"","neve_meta_container":"contained","neve_meta_enable_content_width":"on","neve_meta_content_width":100,"neve_meta_title_alignment":"left","neve_meta_author_avatar":"","neve_post_elements_order":"","neve_meta_disable_header":"","neve_meta_disable_footer":"","neve_meta_disable_title":"on","_joinchat":[],"footnotes":""},"class_list":["post-398","page","type-page","status-publish","hentry"],"_links":{"self":[{"href":"https:\/\/supernovae.com.co\/portal\/wp-json\/wp\/v2\/pages\/398","targetHints":{"allow":["GET"]}}],"collection":[{"href":"https:\/\/supernovae.com.co\/portal\/wp-json\/wp\/v2\/pages"}],"about":[{"href":"https:\/\/supernovae.com.co\/portal\/wp-json\/wp\/v2\/types\/page"}],"author":[{"embeddable":true,"href":"https:\/\/supernovae.com.co\/portal\/wp-json\/wp\/v2\/users\/1"}],"replies":[{"embeddable":true,"href":"https:\/\/supernovae.com.co\/portal\/wp-json\/wp\/v2\/comments?post=398"}],"version-history":[{"count":73,"href":"https:\/\/supernovae.com.co\/portal\/wp-json\/wp\/v2\/pages\/398\/revisions"}],"predecessor-version":[{"id":2022,"href":"https:\/\/supernovae.com.co\/portal\/wp-json\/wp\/v2\/pages\/398\/revisions\/2022"}],"wp:attachment":[{"href":"https:\/\/supernovae.com.co\/portal\/wp-json\/wp\/v2\/media?parent=398"}],"curies":[{"name":"wp","href":"https:\/\/api.w.org\/{rel}","templated":true}]}}